{"id":30,"date":"2022-11-27T12:49:08","date_gmt":"2022-11-27T11:49:08","guid":{"rendered":"http:\/\/mdesiga.cluster031.hosting.ovh.net\/savilia.magalie@mdesign-web.fr\/?page_id=30"},"modified":"2025-01-22T10:29:10","modified_gmt":"2025-01-22T09:29:10","slug":"a-propos","status":"publish","type":"page","link":"https:\/\/mdesign-web.fr\/index.php\/a-propos\/","title":{"rendered":"A propos"},"content":{"rendered":"\t\t<div data-elementor-type=\"wp-page\" data-elementor-id=\"30\" class=\"elementor elementor-30\" data-elementor-post-type=\"page\">\n\t\t\t\t\t\t<section class=\"elementor-section elementor-top-section elementor-element elementor-element-acfdf65 elementor-section-boxed elementor-section-height-default elementor-section-height-default\" data-id=\"acfdf65\" data-element_type=\"section\">\n\t\t\t\t\t\t<div class=\"elementor-container elementor-column-gap-default\">\n\t\t\t\t\t<div class=\"elementor-column elementor-col-50 elementor-top-column elementor-element elementor-element-b2e2911 elementor-invisible\" data-id=\"b2e2911\" data-element_type=\"column\" data-settings=\"{&quot;animation&quot;:&quot;fadeInLeft&quot;,&quot;animation_tablet&quot;:&quot;fadeInLeft&quot;,&quot;animation_mobile&quot;:&quot;fadeInLeft&quot;}\">\n\t\t\t<div class=\"elementor-widget-wrap elementor-element-populated\">\n\t\t\t\t\t\t<div class=\"elementor-element elementor-element-9e00f90 elementor-widget elementor-widget-image\" data-id=\"9e00f90\" data-element_type=\"widget\" data-widget_type=\"image.default\">\n\t\t\t\t<div class=\"elementor-widget-container\">\n\t\t\t\t\t\t\t\t\t\t\t\t\t\t\t<img fetchpriority=\"high\" decoding=\"async\" width=\"7168\" height=\"3844\" src=\"https:\/\/mdesign-web.fr\/wp-content\/uploads\/2025\/01\/essai-texte-1.png\" class=\"attachment-full size-full wp-image-1714\" alt=\"\" \/>\t\t\t\t\t\t\t\t\t\t\t\t\t\t\t<\/div>\n\t\t\t\t<\/div>\n\t\t\t\t<div class=\"elementor-element elementor-element-f8e2a67 elementor-widget elementor-widget-text-editor\" data-id=\"f8e2a67\" data-element_type=\"widget\" data-widget_type=\"text-editor.default\">\n\t\t\t\t<div class=\"elementor-widget-container\">\n\t\t\t\t\t\t\t\t\t<p>\u00a0La perfection est atteinte, non pas lorsqu\u2019il n\u2019y a plus rien \u00e0 ajouter, mais lorsqu\u2019il n\u2019y a plus rien \u00e0 retirer.<\/p>\t\t\t\t\t\t\t\t<\/div>\n\t\t\t\t<\/div>\n\t\t\t\t<div class=\"elementor-element elementor-element-2f32200 elementor-widget elementor-widget-text-editor\" data-id=\"2f32200\" data-element_type=\"widget\" data-widget_type=\"text-editor.default\">\n\t\t\t\t<div class=\"elementor-widget-container\">\n\t\t\t\t\t\t\t\t\t<p>Antoine de St Exupery.<\/p>\t\t\t\t\t\t\t\t<\/div>\n\t\t\t\t<\/div>\n\t\t\t\t\t<\/div>\n\t\t<\/div>\n\t\t\t\t<div class=\"elementor-column elementor-col-50 elementor-top-column elementor-element elementor-element-4f2d821 elementor-invisible\" data-id=\"4f2d821\" data-element_type=\"column\" data-settings=\"{&quot;animation&quot;:&quot;fadeInRight&quot;,&quot;animation_tablet&quot;:&quot;fadeInRight&quot;,&quot;animation_mobile&quot;:&quot;fadeInUp&quot;}\">\n\t\t\t<div class=\"elementor-widget-wrap elementor-element-populated\">\n\t\t\t\t\t\t<div class=\"elementor-element elementor-element-6f832a7 elementor-widget elementor-widget-text-editor\" data-id=\"6f832a7\" data-element_type=\"widget\" data-widget_type=\"text-editor.default\">\n\t\t\t\t<div class=\"elementor-widget-container\">\n\t\t\t\t\t\t\t\t\t<p>Bienvenue dans mon univers !\u00a0<\/p><p>Je m\u2019appelle Savilia Magalie, je suis Web designer\/ graphiste free-lance. Mon temp\u00e9rament r\u00eaveuse et cr\u00e9ative m\u2019ont men\u00e9 vers ce m\u00e9tier qui me passionne. Mon entourage dit souvent de moi que je suis une perfectionniste , ce qui peut \u00eatre un avantage. Je m\u2019investis pleinement lorsque je r\u00e9alise mes conceptions afin de vous apporter mon expertise pour d\u00e9velopper votre activit\u00e9 gr\u00e2ce au Web. Mon parcours d\u2019\u00e9tude ne s\u2019est pas orient\u00e9 d\u00e8s le d\u00e9part vers ce domaine, mais au fils du temps je suis revenue vers ce qui me passionne \u00ab l\u2019Art et l\u2019informatique \u00bb. Alors afin de trouver un compromis entre ces deux domaines d\u2019activit\u00e9s, je me suis orient\u00e9e tout naturellement vers le design graphique depuis quelques ann\u00e9es.<\/p><p>Toutefois, j\u2019ai d\u00e9cid\u00e9 d\u2019effectuer une formation afin d\u2019avoir une certification dans ce m\u00e9tier en perp\u00e9tuel \u00e9volution et me tenir informer le plus souvent possible des derni\u00e8res actualit\u00e9s \u00ab web et graphique \u00bb.<\/p>\t\t\t\t\t\t\t\t<\/div>\n\t\t\t\t<\/div>\n\t\t\t\t\t<\/div>\n\t\t<\/div>\n\t\t\t\t\t<\/div>\n\t\t<\/section>\n\t\t\t\t<section class=\"elementor-section elementor-top-section elementor-element elementor-element-e6b8ff2 elementor-section-boxed elementor-section-height-default elementor-section-height-default\" data-id=\"e6b8ff2\" data-element_type=\"section\" data-settings=\"{&quot;background_background&quot;:&quot;classic&quot;}\">\n\t\t\t\t\t\t<div class=\"elementor-container elementor-column-gap-default\">\n\t\t\t\t\t<div class=\"elementor-column elementor-col-100 elementor-top-column elementor-element elementor-element-63be2fd\" data-id=\"63be2fd\" data-element_type=\"column\">\n\t\t\t<div class=\"elementor-widget-wrap elementor-element-populated\">\n\t\t\t\t\t\t<div class=\"elementor-element elementor-element-2c48df7 elementor-widget elementor-widget-image\" data-id=\"2c48df7\" data-element_type=\"widget\" data-widget_type=\"image.default\">\n\t\t\t\t<div class=\"elementor-widget-container\">\n\t\t\t\t\t\t\t\t\t\t\t\t\t\t\t<img decoding=\"async\" width=\"640\" height=\"149\" src=\"https:\/\/mdesign-web.fr\/wp-content\/uploads\/2024\/04\/Groupe-14.png\" class=\"attachment-full size-full wp-image-1244\" alt=\"\" srcset=\"https:\/\/mdesign-web.fr\/wp-content\/uploads\/2024\/04\/Groupe-14.png 640w, https:\/\/mdesign-web.fr\/wp-content\/uploads\/2024\/04\/Groupe-14-300x70.png 300w\" sizes=\"(max-width: 640px) 100vw, 640px\" \/>\t\t\t\t\t\t\t\t\t\t\t\t\t\t\t<\/div>\n\t\t\t\t<\/div>\n\t\t\t\t\t<\/div>\n\t\t<\/div>\n\t\t\t\t\t<\/div>\n\t\t<\/section>\n\t\t\t\t<section class=\"elementor-section elementor-top-section elementor-element elementor-element-76a78a7 elementor-hidden-desktop elementor-section-boxed elementor-section-height-default elementor-section-height-default\" data-id=\"76a78a7\" data-element_type=\"section\">\n\t\t\t\t\t\t<div class=\"elementor-container elementor-column-gap-default\">\n\t\t\t\t\t<div class=\"elementor-column elementor-col-100 elementor-top-column elementor-element elementor-element-790106e\" data-id=\"790106e\" data-element_type=\"column\">\n\t\t\t<div class=\"elementor-widget-wrap elementor-element-populated\">\n\t\t\t\t\t\t<div class=\"elementor-element elementor-element-76fb502 elementor-widget elementor-widget-progress\" data-id=\"76fb502\" data-element_type=\"widget\" data-settings=\"{&quot;_animation_mobile&quot;:&quot;fadeInLeft&quot;}\" data-widget_type=\"progress.default\">\n\t\t\t\t<div class=\"elementor-widget-container\">\n\t\t\t\t\t\t\t\t<span class=\"elementor-title\" id=\"elementor-progress-bar-76fb502\">\n\t\t\t\tLOGICIELS ET OUTILS\t\t\t<\/span>\n\t\t\n\t\t<div aria-labelledby=\"elementor-progress-bar-76fb502\" class=\"elementor-progress-wrapper progress-info\" role=\"progressbar\" aria-valuemin=\"0\" aria-valuemax=\"100\" aria-valuenow=\"98\" aria-valuetext=\"98% (Photoshop)\">\n\t\t\t<div class=\"elementor-progress-bar\" data-max=\"98\">\n\t\t\t\t<span class=\"elementor-progress-text\">Photoshop<\/span>\n\t\t\t\t\t\t\t<\/div>\n\t\t<\/div>\n\t\t\t\t\t\t<\/div>\n\t\t\t\t<\/div>\n\t\t\t\t<div class=\"elementor-element elementor-element-93c20b4 elementor-widget elementor-widget-progress\" data-id=\"93c20b4\" data-element_type=\"widget\" data-settings=\"{&quot;_animation_mobile&quot;:&quot;fadeInLeft&quot;}\" data-widget_type=\"progress.default\">\n\t\t\t\t<div class=\"elementor-widget-container\">\n\t\t\t\t\t\n\t\t<div class=\"elementor-progress-wrapper progress-info\" role=\"progressbar\" aria-valuemin=\"0\" aria-valuemax=\"100\" aria-valuenow=\"98\" aria-valuetext=\"98% (Illustrator)\">\n\t\t\t<div class=\"elementor-progress-bar\" data-max=\"98\">\n\t\t\t\t<span class=\"elementor-progress-text\">Illustrator<\/span>\n\t\t\t\t\t\t\t<\/div>\n\t\t<\/div>\n\t\t\t\t\t\t<\/div>\n\t\t\t\t<\/div>\n\t\t\t\t<div class=\"elementor-element elementor-element-5aabafd elementor-widget elementor-widget-progress\" data-id=\"5aabafd\" data-element_type=\"widget\" data-settings=\"{&quot;_animation_mobile&quot;:&quot;fadeInLeft&quot;}\" data-widget_type=\"progress.default\">\n\t\t\t\t<div class=\"elementor-widget-container\">\n\t\t\t\t\t\n\t\t<div class=\"elementor-progress-wrapper progress-info\" role=\"progressbar\" aria-valuemin=\"0\" aria-valuemax=\"100\" aria-valuenow=\"80\" aria-valuetext=\"80% (Indesign)\">\n\t\t\t<div class=\"elementor-progress-bar\" data-max=\"80\">\n\t\t\t\t<span class=\"elementor-progress-text\">Indesign<\/span>\n\t\t\t\t\t\t\t<\/div>\n\t\t<\/div>\n\t\t\t\t\t\t<\/div>\n\t\t\t\t<\/div>\n\t\t\t\t<div class=\"elementor-element elementor-element-84c837e elementor-widget elementor-widget-progress\" data-id=\"84c837e\" data-element_type=\"widget\" data-settings=\"{&quot;_animation_mobile&quot;:&quot;fadeInLeft&quot;}\" data-widget_type=\"progress.default\">\n\t\t\t\t<div class=\"elementor-widget-container\">\n\t\t\t\t\t\n\t\t<div class=\"elementor-progress-wrapper progress-info\" role=\"progressbar\" aria-valuemin=\"0\" aria-valuemax=\"100\" aria-valuenow=\"90\" aria-valuetext=\"90% (WordPress)\">\n\t\t\t<div class=\"elementor-progress-bar\" data-max=\"90\">\n\t\t\t\t<span class=\"elementor-progress-text\">WordPress<\/span>\n\t\t\t\t\t\t\t<\/div>\n\t\t<\/div>\n\t\t\t\t\t\t<\/div>\n\t\t\t\t<\/div>\n\t\t\t\t<div class=\"elementor-element elementor-element-757ada3 elementor-widget elementor-widget-progress\" data-id=\"757ada3\" data-element_type=\"widget\" data-settings=\"{&quot;_animation_mobile&quot;:&quot;fadeInLeft&quot;}\" data-widget_type=\"progress.default\">\n\t\t\t\t<div class=\"elementor-widget-container\">\n\t\t\t\t\t\n\t\t<div class=\"elementor-progress-wrapper progress-info\" role=\"progressbar\" aria-valuemin=\"0\" aria-valuemax=\"100\" aria-valuenow=\"100\" aria-valuetext=\"100% (HTML-CSS)\">\n\t\t\t<div class=\"elementor-progress-bar\" data-max=\"100\">\n\t\t\t\t<span class=\"elementor-progress-text\">HTML-CSS<\/span>\n\t\t\t\t\t\t\t<\/div>\n\t\t<\/div>\n\t\t\t\t\t\t<\/div>\n\t\t\t\t<\/div>\n\t\t\t\t<div class=\"elementor-element elementor-element-0cc5507 elementor-widget elementor-widget-progress\" data-id=\"0cc5507\" data-element_type=\"widget\" data-settings=\"{&quot;motion_fx_motion_fx_mouse&quot;:&quot;yes&quot;,&quot;_animation_mobile&quot;:&quot;fadeInLeft&quot;}\" data-widget_type=\"progress.default\">\n\t\t\t\t<div class=\"elementor-widget-container\">\n\t\t\t\t\t\n\t\t<div class=\"elementor-progress-wrapper progress-info\" role=\"progressbar\" aria-valuemin=\"0\" aria-valuemax=\"100\" aria-valuenow=\"54\" aria-valuetext=\"54% (Canva)\">\n\t\t\t<div class=\"elementor-progress-bar\" data-max=\"54\">\n\t\t\t\t<span class=\"elementor-progress-text\">Canva<\/span>\n\t\t\t\t\t\t\t<\/div>\n\t\t<\/div>\n\t\t\t\t\t\t<\/div>\n\t\t\t\t<\/div>\n\t\t\t\t\t<\/div>\n\t\t<\/div>\n\t\t\t\t\t<\/div>\n\t\t<\/section>\n\t\t\t\t<section class=\"elementor-section elementor-top-section elementor-element elementor-element-46a2339 elementor-section-boxed elementor-section-height-default elementor-section-height-default\" data-id=\"46a2339\" data-element_type=\"section\">\n\t\t\t\t\t\t<div class=\"elementor-container elementor-column-gap-default\">\n\t\t\t\t\t<div class=\"elementor-column elementor-col-100 elementor-top-column elementor-element elementor-element-40889de\" data-id=\"40889de\" data-element_type=\"column\">\n\t\t\t<div class=\"elementor-widget-wrap elementor-element-populated\">\n\t\t\t\t\t\t<div class=\"elementor-element elementor-element-c3d5670 elementor-align-center animated-slow elementor-invisible elementor-widget elementor-widget-button\" data-id=\"c3d5670\" data-element_type=\"widget\" data-settings=\"{&quot;_animation&quot;:&quot;fadeInUp&quot;}\" data-widget_type=\"button.default\">\n\t\t\t\t<div class=\"elementor-widget-container\">\n\t\t\t\t\t\t\t\t\t<div class=\"elementor-button-wrapper\">\n\t\t\t\t\t<a class=\"elementor-button elementor-button-link elementor-size-sm\" href=\"https:\/\/mdesign-web.fr\/index.php\/contact\/\">\n\t\t\t\t\t\t<span class=\"elementor-button-content-wrapper\">\n\t\t\t\t\t\t\t\t\t<span class=\"elementor-button-text\">Faisons \u00e9quipe !<\/span>\n\t\t\t\t\t<\/span>\n\t\t\t\t\t<\/a>\n\t\t\t\t<\/div>\n\t\t\t\t\t\t\t\t<\/div>\n\t\t\t\t<\/div>\n\t\t\t\t\t<\/div>\n\t\t<\/div>\n\t\t\t\t\t<\/div>\n\t\t<\/section>\n\t\t\t\t<\/div>\n\t\t","protected":false},"excerpt":{"rendered":"<p>\u00a0La perfection est atteinte, non pas lorsqu\u2019il n\u2019y a plus rien \u00e0 ajouter, mais lorsqu\u2019il n\u2019y a plus rien \u00e0 retirer. Antoine de St Exupery. Bienvenue dans mon univers !\u00a0 Je m\u2019appelle Savilia Magalie, je suis Web designer\/ graphiste free-lance. Mon temp\u00e9rament r\u00eaveuse et cr\u00e9ative m\u2019ont men\u00e9 vers ce m\u00e9tier qui me passionne. Mon entourage [&hellip;]<\/p>\n","protected":false},"author":1,"featured_media":0,"parent":0,"menu_order":2,"comment_status":"closed","ping_status":"closed","template":"","meta":{"footnotes":""},"class_list":["post-30","page","type-page","status-publish","hentry"],"yoast_head":"<!-- This site is optimized with the Yoast SEO plugin v26.3 - https:\/\/yoast.com\/wordpress\/plugins\/seo\/ -->\n<title>A propos | Mdesign-web<\/title>\n<meta name=\"description\" content=\"\u00a0La perfection est atteinte, non pas lorsqu\u2019il n\u2019y a plus rien \u00e0 ajouter, mais lorsqu\u2019il n\u2019y a plus rien \u00e0 retirer.Antoine de St Exupery.Bienvenue dans\" \/>\n<meta name=\"robots\" content=\"index, follow, max-snippet:-1, max-image-preview:large, max-video-preview:-1\" \/>\n<link rel=\"canonical\" href=\"https:\/\/mdesign-web.fr\/index.php\/a-propos\/\" \/>\n<meta property=\"og:locale\" content=\"fr_FR\" \/>\n<meta property=\"og:type\" content=\"article\" \/>\n<meta property=\"og:title\" content=\"A propos | Mdesign-web\" \/>\n<meta property=\"og:description\" content=\"\u00a0La perfection est atteinte, non pas lorsqu\u2019il n\u2019y a plus rien \u00e0 ajouter, mais lorsqu\u2019il n\u2019y a plus rien \u00e0 retirer.Antoine de St Exupery.Bienvenue dans\" \/>\n<meta property=\"og:url\" content=\"https:\/\/mdesign-web.fr\/index.php\/a-propos\/\" \/>\n<meta property=\"og:site_name\" content=\"Mdesign-web\" \/>\n<meta property=\"article:publisher\" content=\"https:\/\/www.facebook.com\/profile.php?id=100087149946204\" \/>\n<meta property=\"article:modified_time\" content=\"2025-01-22T09:29:10+00:00\" \/>\n<meta property=\"og:image\" content=\"https:\/\/mdesign-web.fr\/wp-content\/uploads\/2025\/01\/essai-texte-1.png\" \/>\n\t<meta property=\"og:image:width\" content=\"800\" \/>\n\t<meta property=\"og:image:height\" content=\"429\" \/>\n\t<meta property=\"og:image:type\" content=\"image\/png\" \/>\n<meta name=\"twitter:card\" content=\"summary_large_image\" \/>\n<meta name=\"twitter:label1\" content=\"Dur\u00e9e de lecture estim\u00e9e\" \/>\n\t<meta name=\"twitter:data1\" content=\"2 minutes\" \/>\n<script type=\"application\/ld+json\" class=\"yoast-schema-graph\">{\"@context\":\"https:\/\/schema.org\",\"@graph\":[{\"@type\":\"WebPage\",\"@id\":\"https:\/\/mdesign-web.fr\/index.php\/a-propos\/\",\"url\":\"https:\/\/mdesign-web.fr\/index.php\/a-propos\/\",\"name\":\"A propos | Mdesign-web\",\"isPartOf\":{\"@id\":\"https:\/\/mdesign-web.fr\/#website\"},\"primaryImageOfPage\":{\"@id\":\"https:\/\/mdesign-web.fr\/index.php\/a-propos\/#primaryimage\"},\"image\":{\"@id\":\"https:\/\/mdesign-web.fr\/index.php\/a-propos\/#primaryimage\"},\"thumbnailUrl\":\"http:\/\/mdesign-web.fr\/wp-content\/uploads\/2025\/01\/essai-texte-1.png\",\"datePublished\":\"2022-11-27T11:49:08+00:00\",\"dateModified\":\"2025-01-22T09:29:10+00:00\",\"description\":\"\u00a0La perfection est atteinte, non pas lorsqu\u2019il n\u2019y a plus rien \u00e0 ajouter, mais lorsqu\u2019il n\u2019y a plus rien \u00e0 retirer.Antoine de St Exupery.Bienvenue dans\",\"breadcrumb\":{\"@id\":\"https:\/\/mdesign-web.fr\/index.php\/a-propos\/#breadcrumb\"},\"inLanguage\":\"fr-FR\",\"potentialAction\":[{\"@type\":\"ReadAction\",\"target\":[\"https:\/\/mdesign-web.fr\/index.php\/a-propos\/\"]}]},{\"@type\":\"ImageObject\",\"inLanguage\":\"fr-FR\",\"@id\":\"https:\/\/mdesign-web.fr\/index.php\/a-propos\/#primaryimage\",\"url\":\"https:\/\/mdesign-web.fr\/wp-content\/uploads\/2025\/01\/essai-texte-1.png\",\"contentUrl\":\"https:\/\/mdesign-web.fr\/wp-content\/uploads\/2025\/01\/essai-texte-1.png\",\"width\":7168,\"height\":3844},{\"@type\":\"BreadcrumbList\",\"@id\":\"https:\/\/mdesign-web.fr\/index.php\/a-propos\/#breadcrumb\",\"itemListElement\":[{\"@type\":\"ListItem\",\"position\":1,\"name\":\"Accueil\",\"item\":\"https:\/\/mdesign-web.fr\/\"},{\"@type\":\"ListItem\",\"position\":2,\"name\":\"A propos\"}]},{\"@type\":\"WebSite\",\"@id\":\"https:\/\/mdesign-web.fr\/#website\",\"url\":\"https:\/\/mdesign-web.fr\/\",\"name\":\"Mdesign-web\",\"description\":\"Webdesigner freelance\",\"publisher\":{\"@id\":\"https:\/\/mdesign-web.fr\/#organization\"},\"potentialAction\":[{\"@type\":\"SearchAction\",\"target\":{\"@type\":\"EntryPoint\",\"urlTemplate\":\"https:\/\/mdesign-web.fr\/?s={search_term_string}\"},\"query-input\":{\"@type\":\"PropertyValueSpecification\",\"valueRequired\":true,\"valueName\":\"search_term_string\"}}],\"inLanguage\":\"fr-FR\"},{\"@type\":\"Organization\",\"@id\":\"https:\/\/mdesign-web.fr\/#organization\",\"name\":\"M'design\",\"url\":\"https:\/\/mdesign-web.fr\/\",\"logo\":{\"@type\":\"ImageObject\",\"inLanguage\":\"fr-FR\",\"@id\":\"https:\/\/mdesign-web.fr\/#\/schema\/logo\/image\/\",\"url\":\"https:\/\/mdesign-web.fr\/wp-content\/uploads\/2022\/12\/logo-mdesign-web_1.png\",\"contentUrl\":\"https:\/\/mdesign-web.fr\/wp-content\/uploads\/2022\/12\/logo-mdesign-web_1.png\",\"width\":1000,\"height\":542,\"caption\":\"M'design\"},\"image\":{\"@id\":\"https:\/\/mdesign-web.fr\/#\/schema\/logo\/image\/\"},\"sameAs\":[\"https:\/\/www.facebook.com\/profile.php?id=100087149946204\",\"https:\/\/instagram.com\/m_design_web?r=nametag\"]}]}<\/script>\n<!-- \/ Yoast SEO plugin. -->","yoast_head_json":{"title":"A propos | Mdesign-web","description":"\u00a0La perfection est atteinte, non pas lorsqu\u2019il n\u2019y a plus rien \u00e0 ajouter, mais lorsqu\u2019il n\u2019y a plus rien \u00e0 retirer.Antoine de St Exupery.Bienvenue dans","robots":{"index":"index","follow":"follow","max-snippet":"max-snippet:-1","max-image-preview":"max-image-preview:large","max-video-preview":"max-video-preview:-1"},"canonical":"https:\/\/mdesign-web.fr\/index.php\/a-propos\/","og_locale":"fr_FR","og_type":"article","og_title":"A propos | Mdesign-web","og_description":"\u00a0La perfection est atteinte, non pas lorsqu\u2019il n\u2019y a plus rien \u00e0 ajouter, mais lorsqu\u2019il n\u2019y a plus rien \u00e0 retirer.Antoine de St Exupery.Bienvenue dans","og_url":"https:\/\/mdesign-web.fr\/index.php\/a-propos\/","og_site_name":"Mdesign-web","article_publisher":"https:\/\/www.facebook.com\/profile.php?id=100087149946204","article_modified_time":"2025-01-22T09:29:10+00:00","og_image":[{"url":"https:\/\/mdesign-web.fr\/wp-content\/uploads\/2025\/01\/essai-texte-1.png","width":800,"height":429,"type":"image\/png"}],"twitter_card":"summary_large_image","twitter_misc":{"Dur\u00e9e de lecture estim\u00e9e":"2 minutes"},"schema":{"@context":"https:\/\/schema.org","@graph":[{"@type":"WebPage","@id":"https:\/\/mdesign-web.fr\/index.php\/a-propos\/","url":"https:\/\/mdesign-web.fr\/index.php\/a-propos\/","name":"A propos | Mdesign-web","isPartOf":{"@id":"https:\/\/mdesign-web.fr\/#website"},"primaryImageOfPage":{"@id":"https:\/\/mdesign-web.fr\/index.php\/a-propos\/#primaryimage"},"image":{"@id":"https:\/\/mdesign-web.fr\/index.php\/a-propos\/#primaryimage"},"thumbnailUrl":"http:\/\/mdesign-web.fr\/wp-content\/uploads\/2025\/01\/essai-texte-1.png","datePublished":"2022-11-27T11:49:08+00:00","dateModified":"2025-01-22T09:29:10+00:00","description":"\u00a0La perfection est atteinte, non pas lorsqu\u2019il n\u2019y a plus rien \u00e0 ajouter, mais lorsqu\u2019il n\u2019y a plus rien \u00e0 retirer.Antoine de St Exupery.Bienvenue dans","breadcrumb":{"@id":"https:\/\/mdesign-web.fr\/index.php\/a-propos\/#breadcrumb"},"inLanguage":"fr-FR","potentialAction":[{"@type":"ReadAction","target":["https:\/\/mdesign-web.fr\/index.php\/a-propos\/"]}]},{"@type":"ImageObject","inLanguage":"fr-FR","@id":"https:\/\/mdesign-web.fr\/index.php\/a-propos\/#primaryimage","url":"https:\/\/mdesign-web.fr\/wp-content\/uploads\/2025\/01\/essai-texte-1.png","contentUrl":"https:\/\/mdesign-web.fr\/wp-content\/uploads\/2025\/01\/essai-texte-1.png","width":7168,"height":3844},{"@type":"BreadcrumbList","@id":"https:\/\/mdesign-web.fr\/index.php\/a-propos\/#breadcrumb","itemListElement":[{"@type":"ListItem","position":1,"name":"Accueil","item":"https:\/\/mdesign-web.fr\/"},{"@type":"ListItem","position":2,"name":"A propos"}]},{"@type":"WebSite","@id":"https:\/\/mdesign-web.fr\/#website","url":"https:\/\/mdesign-web.fr\/","name":"Mdesign-web","description":"Webdesigner freelance","publisher":{"@id":"https:\/\/mdesign-web.fr\/#organization"},"potentialAction":[{"@type":"SearchAction","target":{"@type":"EntryPoint","urlTemplate":"https:\/\/mdesign-web.fr\/?s={search_term_string}"},"query-input":{"@type":"PropertyValueSpecification","valueRequired":true,"valueName":"search_term_string"}}],"inLanguage":"fr-FR"},{"@type":"Organization","@id":"https:\/\/mdesign-web.fr\/#organization","name":"M'design","url":"https:\/\/mdesign-web.fr\/","logo":{"@type":"ImageObject","inLanguage":"fr-FR","@id":"https:\/\/mdesign-web.fr\/#\/schema\/logo\/image\/","url":"https:\/\/mdesign-web.fr\/wp-content\/uploads\/2022\/12\/logo-mdesign-web_1.png","contentUrl":"https:\/\/mdesign-web.fr\/wp-content\/uploads\/2022\/12\/logo-mdesign-web_1.png","width":1000,"height":542,"caption":"M'design"},"image":{"@id":"https:\/\/mdesign-web.fr\/#\/schema\/logo\/image\/"},"sameAs":["https:\/\/www.facebook.com\/profile.php?id=100087149946204","https:\/\/instagram.com\/m_design_web?r=nametag"]}]}},"_links":{"self":[{"href":"https:\/\/mdesign-web.fr\/index.php\/wp-json\/wp\/v2\/pages\/30","targetHints":{"allow":["GET"]}}],"collection":[{"href":"https:\/\/mdesign-web.fr\/index.php\/wp-json\/wp\/v2\/pages"}],"about":[{"href":"https:\/\/mdesign-web.fr\/index.php\/wp-json\/wp\/v2\/types\/page"}],"author":[{"embeddable":true,"href":"https:\/\/mdesign-web.fr\/index.php\/wp-json\/wp\/v2\/users\/1"}],"replies":[{"embeddable":true,"href":"https:\/\/mdesign-web.fr\/index.php\/wp-json\/wp\/v2\/comments?post=30"}],"version-history":[{"count":63,"href":"https:\/\/mdesign-web.fr\/index.php\/wp-json\/wp\/v2\/pages\/30\/revisions"}],"predecessor-version":[{"id":1718,"href":"https:\/\/mdesign-web.fr\/index.php\/wp-json\/wp\/v2\/pages\/30\/revisions\/1718"}],"wp:attachment":[{"href":"https:\/\/mdesign-web.fr\/index.php\/wp-json\/wp\/v2\/media?parent=30"}],"curies":[{"name":"wp","href":"https:\/\/api.w.org\/{rel}","templated":true}]}}